{"id":28640,"date":"2017-02-16T09:16:27","date_gmt":"2017-02-16T08:16:27","guid":{"rendered":"http:\/\/mxajfmgl.preview.infomaniak.website\/?page_id=38"},"modified":"2025-11-03T17:05:55","modified_gmt":"2025-11-03T16:05:55","slug":"bett","status":"publish","type":"page","link":"https:\/\/emma-bb.ch\/en\/bett\/","title":{"rendered":"Bed"},"content":{"rendered":"<p>[et_pb_section fb_built=&#8220;1&#8243; fullwidth=&#8220;on&#8220; _builder_version=&#8220;4.16&#8243; global_colors_info=&#8220;{}&#8220;][et_pb_fullwidth_slider admin_label=&#8220;Curseur de d\u00e9filement plein \u00e9cran&#8220; _builder_version=&#8220;4.16&#8243; min_height=&#8220;330px&#8220; custom_padding=&#8220;120px||120px|||&#8220; custom_padding_tablet=&#8220;|||&#8220; custom_padding_phone=&#8220;|||&#8220; remove_inner_shadow=&#8220;on&#8220; hide_content_on_mobile=&#8220;off&#8220; hide_cta_on_mobile=&#8220;off&#8220; show_inner_shadow=&#8220;off&#8220; button_letter_spacing_hover=&#8220;0&#8243; global_colors_info=&#8220;{}&#8220; button_text_size__hover_enabled=&#8220;off&#8220; button_one_text_size__hover_enabled=&#8220;off&#8220; button_two_text_size__hover_enabled=&#8220;off&#8220; button_text_color__hover_enabled=&#8220;off&#8220; button_one_text_color__hover_enabled=&#8220;off&#8220; button_two_text_color__hover_enabled=&#8220;off&#8220; button_border_width__hover_enabled=&#8220;off&#8220; button_one_border_width__hover_enabled=&#8220;off&#8220; button_two_border_width__hover_enabled=&#8220;off&#8220; button_border_color__hover_enabled=&#8220;off&#8220; button_one_border_color__hover_enabled=&#8220;off&#8220; button_two_border_color__hover_enabled=&#8220;off&#8220; button_border_radius__hover_enabled=&#8220;off&#8220; button_one_border_radius__hover_enabled=&#8220;off&#8220; button_two_border_radius__hover_enabled=&#8220;off&#8220; button_letter_spacing__hover_enabled=&#8220;on&#8220; button_letter_spacing__hover=&#8220;0&#8243; button_one_letter_spacing__hover_enabled=&#8220;off&#8220; button_two_letter_spacing__hover_enabled=&#8220;off&#8220; button_bg_color__hover_enabled=&#8220;off&#8220; button_one_bg_color__hover_enabled=&#8220;off&#8220; button_two_bg_color__hover_enabled=&#8220;off&#8220;][et_pb_slide _builder_version=&#8220;4.16&#8243; header_font=&#8220;||||&#8220; header_font_size=&#8220;85&#8243; background_color=&#8220;rgba(0,0,0,0)&#8220; background_image=&#8220;https:\/\/emma-bb.ch\/wp-content\/uploads\/2020\/05\/header_bett.svg&#8220; background_enable_image=&#8220;on&#8220; button_text_size_tablet=&#8220;16&#8243; button_text_size_phone=&#8220;16&#8243; button_text_color_hover=&#8220;#666666&#8243; button_bg_color_hover=&#8220;#ffffff&#8220; global_colors_info=&#8220;{}&#8220; button_text_size__hover_enabled=&#8220;off&#8220; button_one_text_size__hover_enabled=&#8220;off&#8220; button_two_text_size__hover_enabled=&#8220;off&#8220; button_one_text_color__hover_enabled=&#8220;off&#8220; button_two_text_color__hover_enabled=&#8220;off&#8220; button_border_width__hover_enabled=&#8220;off&#8220; button_one_border_width__hover_enabled=&#8220;off&#8220; button_two_border_width__hover_enabled=&#8220;off&#8220; button_border_color__hover_enabled=&#8220;off&#8220; button_one_border_color__hover_enabled=&#8220;off&#8220; button_two_border_color__hover_enabled=&#8220;off&#8220; button_border_radius__hover_enabled=&#8220;off&#8220; button_one_border_radius__hover_enabled=&#8220;off&#8220; button_two_border_radius__hover_enabled=&#8220;off&#8220; button_letter_spacing__hover_enabled=&#8220;off&#8220; button_one_letter_spacing__hover_enabled=&#8220;off&#8220; button_two_letter_spacing__hover_enabled=&#8220;off&#8220; button_one_bg_color__hover_enabled=&#8220;off&#8220; button_two_bg_color__hover_enabled=&#8220;off&#8220; sticky_transition=&#8220;on&#8220;][\/et_pb_slide][\/et_pb_fullwidth_slider][\/et_pb_section][et_pb_section fb_built=&#8220;1&#8243; admin_label=&#8220;section&#8220; _builder_version=&#8220;4.16&#8243; custom_padding=&#8220;0px|0px|0px|0px&#8220; transparent_background=&#8220;off&#8220; make_fullwidth=&#8220;off&#8220; use_custom_width=&#8220;off&#8220; width_unit=&#8220;off&#8220; custom_width_px=&#8220;1080px&#8220; custom_width_percent=&#8220;80%&#8220; global_colors_info=&#8220;{}&#8220;][et_pb_row _builder_version=&#8220;4.16&#8243; custom_padding=&#8220;52px|||||&#8220; global_colors_info=&#8220;{}&#8220;][et_pb_column type=&#8220;4_4&#8243; _builder_version=&#8220;4.16&#8243; global_colors_info=&#8220;{}&#8220;][et_pb_text _builder_version=&#8220;4.16&#8243; global_colors_info=&#8220;{}&#8220;]<\/p>\n<h1>\u00dcbernachten bei EMMA<\/h1>\n<h3>Winterthur ist eine Kultur-, Musik-, Bildungs-, Arbeiter- und Geniesserstadt. So vielf\u00e4ltig wie das Angebot, sind auch die Menschen die zu uns kommen. Inmitten der Altstadt l\u00e4dt EMMA Bett und Bistro zum \u00fcbernachten ein. Ob im wohligen <span>Dachzimmer<\/span>, dem offenen Gartenzimmer oder dem Doppelzimmer in der 1. Etage, bei uns ist f\u00fcr jede*n etwas dabei.<\/h3>\n<h3>Willkommen bei EMMA!<\/h3>\n<p>[\/et_pb_text][\/et_pb_column][\/et_pb_row][\/et_pb_section][et_pb_section fb_built=&#8220;1&#8243; _builder_version=&#8220;4.16&#8243; min_height=&#8220;189px&#8220; custom_padding=&#8220;16px|||||&#8220; custom_css_main_element=&#8220;    z-index: 10;&#8220; global_colors_info=&#8220;{}&#8220;][et_pb_row _builder_version=&#8220;4.16&#8243; global_colors_info=&#8220;{}&#8220;][et_pb_column type=&#8220;4_4&#8243; _builder_version=&#8220;4.16&#8243; global_colors_info=&#8220;{}&#8220;][et_pb_text _builder_version=&#8220;4.16&#8243; global_colors_info=&#8220;{}&#8220;]<\/p>\n<h1>Verf\u00fcgbarkeit Abfragen:<\/h1>\n<p>[\/et_pb_text][et_pb_code _builder_version=&#8220;4.16&#8243; global_colors_info=&#8220;{}&#8220;]<\/p>\n<style type=\"text\/css\"><!-- [et_pb_line_break_holder] -->  :root {<!-- [et_pb_line_break_holder] -->    --resavio-background-color: #ffffff;<!-- [et_pb_line_break_holder] -->    --resavio-border-color: #00405E;<!-- [et_pb_line_break_holder] -->    --resavio-font-color: #00405E;<!-- [et_pb_line_break_holder] -->    --resavio-primary-color: #00405E;<!-- [et_pb_line_break_holder] -->    --resavio-secondary-color: #00405E;<!-- [et_pb_line_break_holder] -->  }<!-- [et_pb_line_break_holder] --><\/style>\n<p><!-- [et_pb_line_break_holder] --><resavio-form client=\"1545\" layout=\"horizontal\"><\/resavio-form>[\/et_pb_code][\/et_pb_column][\/et_pb_row][\/et_pb_section][et_pb_section fb_built=&#8220;1&#8243; specialty=&#8220;on&#8220; _builder_version=&#8220;4.16&#8243; background_color=&#8220;#FFF5E9&#8243; custom_padding=&#8220;0px||0px|||&#8220; global_colors_info=&#8220;{}&#8220;][et_pb_column type=&#8220;1_2&#8243; specialty_columns=&#8220;2&#8243; _builder_version=&#8220;4.16&#8243; custom_padding=&#8220;|||&#8220; global_colors_info=&#8220;{}&#8220; custom_padding__hover=&#8220;|||&#8220;][et_pb_row_inner _builder_version=&#8220;4.16&#8243; min_height=&#8220;248px&#8220; custom_padding=&#8220;||2px|||&#8220; global_colors_info=&#8220;{}&#8220;][et_pb_column_inner saved_specialty_column_type=&#8220;1_2&#8243; _builder_version=&#8220;4.16&#8243; global_colors_info=&#8220;{}&#8220;][et_pb_text _builder_version=&#8220;4.16&#8243; global_colors_info=&#8220;{}&#8220;]<\/p>\n<div class=\"page\" title=\"Page 2\">\n<div class=\"section\">\n<div class=\"layoutArea\">\n<div class=\"column\">\n<h2><span>EMMAs Gartenzimmer<\/span><\/h2>\n<p>Das 30 m2 grosse Zimmer mit Gartenblick und einem Sitzplatz ist ausgestattet mit<\/p>\n<ul>\n<li>1 Doppelbett<\/li>\n<li>K\u00fchlschrank<\/li>\n<li>Eigenem Badezimmer mit voller Ausstattung<\/li>\n<li>Wasserkocher<\/li>\n<li>Flachbild TV<\/li>\n<li>Kostenloses WLAN<\/li>\n<\/ul>\n<p><strong>Eine Person CHF 145.- \/\/ Zwei Personen CHF 160.- <span style=\"font-size: x-small;\">(inkl. VAT)<br \/><\/span><\/strong><span style=\"font-size: x-small;\">F\u00fcr die Mitf\u00fchrung eines Hundes wird pro Aufenthalt CHF 20.- verrechnet.<\/span><\/p>\n<p><strong><span style=\"font-size: x-small;\"><\/span><\/strong><\/p>\n<\/div>\n<\/div>\n<\/div>\n<\/div>\n<p>[\/et_pb_text][\/et_pb_column_inner][\/et_pb_row_inner][et_pb_row_inner _builder_version=&#8220;4.16&#8243; global_colors_info=&#8220;{}&#8220;][et_pb_column_inner saved_specialty_column_type=&#8220;1_2&#8243; _builder_version=&#8220;4.16&#8243; global_colors_info=&#8220;{}&#8220;][et_pb_button button_url=&#8220;https:\/\/resavio.com\/booking\/de\/1545\/categories\/4871&#8243; url_new_window=&#8220;on&#8220; button_text=&#8220;Buchen&#8220; _builder_version=&#8220;4.16&#8243; global_colors_info=&#8220;{}&#8220;][\/et_pb_button][\/et_pb_column_inner][\/et_pb_row_inner][\/et_pb_column][et_pb_column type=&#8220;1_2&#8243; _builder_version=&#8220;4.16&#8243; custom_padding=&#8220;|||&#8220; global_colors_info=&#8220;{}&#8220; custom_padding__hover=&#8220;|||&#8220;][et_pb_gallery gallery_ids=&#8220;30033,30029,30027,30032,30026,30035,30038,28981&#8243; fullwidth=&#8220;on&#8220; _builder_version=&#8220;4.20.2&#8243; background_layout=&#8220;dark&#8220; custom_padding=&#8220;||0px|||&#8220; hover_enabled=&#8220;0&#8243; global_colors_info=&#8220;{}&#8220; sticky_enabled=&#8220;0&#8243;][\/et_pb_gallery][\/et_pb_column][\/et_pb_section][et_pb_section fb_built=&#8220;1&#8243; specialty=&#8220;on&#8220; _builder_version=&#8220;4.16&#8243; background_color=&#8220;#FFF5E9&#8243; custom_padding=&#8220;0px||0px|||&#8220; global_colors_info=&#8220;{}&#8220;][et_pb_column type=&#8220;1_2&#8243; specialty_columns=&#8220;2&#8243; _builder_version=&#8220;4.16&#8243; custom_padding=&#8220;|||&#8220; global_colors_info=&#8220;{}&#8220; custom_padding__hover=&#8220;|||&#8220;][et_pb_row_inner _builder_version=&#8220;4.16&#8243; custom_padding=&#8220;||0px|||&#8220; global_colors_info=&#8220;{}&#8220;][et_pb_column_inner saved_specialty_column_type=&#8220;1_2&#8243; _builder_version=&#8220;4.16&#8243; global_colors_info=&#8220;{}&#8220;][et_pb_text _builder_version=&#8220;4.16&#8243; global_colors_info=&#8220;{}&#8220;]<\/p>\n<div class=\"page\" title=\"Page 2\">\n<div class=\"section\">\n<div class=\"layoutArea\">\n<div class=\"column\">\n<h2>Doppelzimmer 1. Etage<\/h2>\n<p>Das 30m2 grosse Zimmer befindet sich in der 1. Etage und ist nur \u00fcber eine Treppe erreichbar. Aus diesem Zimmer geniesst man die Aussicht auf EMMAs Garten. Das Zimmer ist ausgestattet mit<\/p>\n<ul>\n<li>1 Doppelbett<\/li>\n<li>Eigenem Badezimmer mit voller Ausstattung<\/li>\n<li>K\u00fchlschrank<\/li>\n<li>Wasserkocher<\/li>\n<li>Flachbild TV<\/li>\n<li>Kostenloses WLAN<\/li>\n<\/ul>\n<p><strong>Eine Person CHF 130.- \/\/ Zwei Personen CHF 145.- <span style=\"font-size: x-small;\">(inkl. VAT)<br \/><\/span><\/strong><span style=\"font-size: x-small;\">F\u00fcr die Mitf\u00fchrung eines Hundes wird pro Aufenthalt CHF 20.- verrechnet.<\/span><\/p>\n<\/div>\n<\/div>\n<\/div>\n<\/div>\n<p>[\/et_pb_text][\/et_pb_column_inner][\/et_pb_row_inner][et_pb_row_inner _builder_version=&#8220;4.16&#8243; global_colors_info=&#8220;{}&#8220;][et_pb_column_inner saved_specialty_column_type=&#8220;1_2&#8243; _builder_version=&#8220;4.16&#8243; global_colors_info=&#8220;{}&#8220;][et_pb_button button_url=&#8220;https:\/\/resavio.com\/booking\/de\/1545\/categories\/4870&#8243; url_new_window=&#8220;on&#8220; button_text=&#8220;Buchen&#8220; _builder_version=&#8220;4.16&#8243; global_colors_info=&#8220;{}&#8220;][\/et_pb_button][\/et_pb_column_inner][\/et_pb_row_inner][\/et_pb_column][et_pb_column type=&#8220;1_2&#8243; _builder_version=&#8220;4.16&#8243; custom_padding=&#8220;|||&#8220; global_colors_info=&#8220;{}&#8220; custom_padding__hover=&#8220;|||&#8220;][et_pb_gallery gallery_ids=&#8220;30043,30044,30042,30041,30040,30039,29482&#8243; fullwidth=&#8220;on&#8220; _builder_version=&#8220;4.20.2&#8243; background_layout=&#8220;dark&#8220; custom_padding=&#8220;||0px|||&#8220; hover_enabled=&#8220;0&#8243; global_colors_info=&#8220;{}&#8220; sticky_enabled=&#8220;0&#8243;][\/et_pb_gallery][\/et_pb_column][\/et_pb_section][et_pb_section fb_built=&#8220;1&#8243; specialty=&#8220;on&#8220; _builder_version=&#8220;4.16&#8243; background_color=&#8220;#FFF5E9&#8243; custom_padding=&#8220;0px||0px|||&#8220; global_colors_info=&#8220;{}&#8220;][et_pb_column type=&#8220;1_2&#8243; specialty_columns=&#8220;2&#8243; _builder_version=&#8220;4.16&#8243; custom_padding=&#8220;|||&#8220; global_colors_info=&#8220;{}&#8220; custom_padding__hover=&#8220;|||&#8220;][et_pb_row_inner _builder_version=&#8220;4.16&#8243; custom_padding=&#8220;||2px|||&#8220; global_colors_info=&#8220;{}&#8220;][et_pb_column_inner saved_specialty_column_type=&#8220;1_2&#8243; _builder_version=&#8220;4.16&#8243; global_colors_info=&#8220;{}&#8220;][et_pb_text _builder_version=&#8220;4.16&#8243; global_colors_info=&#8220;{}&#8220;]<\/p>\n<div class=\"page\" title=\"Page 2\">\n<div class=\"section\">\n<div class=\"layoutArea\">\n<div class=\"column\">\n<h2><span>EMMAs Dachzimmer<\/span><\/h2>\n<p>Das 25 m2 grosse Zimmer befindet sich in der 2. Etage und ist nur \u00fcber eine Treppe erreichbar. Das Dachzimmer bietet einen sch\u00f6nen Ausblick \u00fcber die Hinterhofg\u00e4rten von Winterthur. Das Zimmer ist ausgestattet mit<\/p>\n<ul>\n<li><span>1 Doppelbett<\/span><\/li>\n<li>Eigenem Badezimmer mit voller Ausstattung<\/li>\n<li>K\u00fchlschrank<\/li>\n<li>Wasserkocher<\/li>\n<li>Flachbild TV<\/li>\n<li>Kostenloses WLAN<\/li>\n<\/ul>\n<p><strong>Eine Person CHF 130.- \/\/ Zwei Personen CHF 145.- <span style=\"font-size: x-small;\">(inkl. VAT)<br \/><\/span><\/strong><span style=\"font-size: x-small;\">F\u00fcr die Mitf\u00fchrung eines Hundes wird pro Aufenthalt CHF 20.- verrechnet.<\/span><\/p>\n<\/div>\n<\/div>\n<\/div>\n<\/div>\n<p>[\/et_pb_text][\/et_pb_column_inner][\/et_pb_row_inner][et_pb_row_inner _builder_version=&#8220;4.16&#8243; global_colors_info=&#8220;{}&#8220;][et_pb_column_inner saved_specialty_column_type=&#8220;1_2&#8243; _builder_version=&#8220;4.16&#8243; global_colors_info=&#8220;{}&#8220;][et_pb_button button_url=&#8220;https:\/\/resavio.com\/booking\/de\/1545\/categories\/4869&#8243; url_new_window=&#8220;on&#8220; button_text=&#8220;Buchen&#8220; _builder_version=&#8220;4.16&#8243; global_colors_info=&#8220;{}&#8220;][\/et_pb_button][\/et_pb_column_inner][\/et_pb_row_inner][\/et_pb_column][et_pb_column type=&#8220;1_2&#8243; _builder_version=&#8220;4.16&#8243; custom_padding=&#8220;|||&#8220; global_colors_info=&#8220;{}&#8220; custom_padding__hover=&#8220;|||&#8220;][et_pb_gallery gallery_ids=&#8220;30052,30051,30046,30047,30048,30049,30050,30053,30054&#8243; fullwidth=&#8220;on&#8220; _builder_version=&#8220;4.20.2&#8243; background_layout=&#8220;dark&#8220; custom_padding=&#8220;||0px|||&#8220; hover_enabled=&#8220;0&#8243; global_colors_info=&#8220;{}&#8220; sticky_enabled=&#8220;0&#8243;][\/et_pb_gallery][\/et_pb_column][\/et_pb_section]<\/p>\n","protected":false},"excerpt":{"rendered":"<p>Inmitten der winterthurer Altstadt l\u00e4dt EMMA Bett und Bistro zum \u00fcbernachten ein. Ob im wohligen Dachzimmer, dem Gartenzimmer oder dem Standardzimmer.<\/p>","protected":false},"author":1,"featured_media":0,"parent":0,"menu_order":0,"comment_status":"closed","ping_status":"closed","template":"","meta":{"_et_pb_use_builder":"on","_et_pb_old_content":"","_et_gb_content_width":"","footnotes":""},"class_list":["post-28640","page","type-page","status-publish","hentry"],"yoast_head":"<!-- This site is optimized with the Yoast SEO plugin v27.3 - https:\/\/yoast.com\/product\/yoast-seo-wordpress\/ -->\n<title>Bett - EMMA Bett und Bistro<\/title>\n<meta name=\"description\" content=\"Inmitten der winterthurer Altstadt l\u00e4dt EMMA Bett und Bistro zum \u00fcbernachten ein. Ob im wohligen Dachzimmer, dem Gartenzimmer oder dem Standardzimmer.\" \/>\n<meta name=\"robots\" content=\"index, follow, max-snippet:-1, max-image-preview:large, max-video-preview:-1\" \/>\n<link rel=\"canonical\" href=\"https:\/\/emma-bb.ch\/en\/bett\/\" \/>\n<meta property=\"og:locale\" content=\"en_GB\" \/>\n<meta property=\"og:type\" content=\"article\" \/>\n<meta property=\"og:title\" content=\"Bett - EMMA Bett und Bistro\" \/>\n<meta property=\"og:description\" content=\"Inmitten der winterthurer Altstadt l\u00e4dt EMMA Bett und Bistro zum \u00fcbernachten ein. Ob im wohligen Dachzimmer, dem Gartenzimmer oder dem Standardzimmer.\" \/>\n<meta property=\"og:url\" content=\"https:\/\/emma-bb.ch\/en\/bett\/\" \/>\n<meta property=\"og:site_name\" content=\"EMMA Bett und Bistro\" \/>\n<meta property=\"article:publisher\" content=\"https:\/\/www.facebook.com\/EMMA-Bett-und-Bistro-102916064800144\/\" \/>\n<meta property=\"article:modified_time\" content=\"2025-11-03T16:05:55+00:00\" \/>\n<meta property=\"og:image\" content=\"https:\/\/i0.wp.com\/emma-bb.ch\/wp-content\/uploads\/2020\/06\/Titelbild-scaled.jpg?fit=2560%2C2560&ssl=1\" \/>\n\t<meta property=\"og:image:width\" content=\"2560\" \/>\n\t<meta property=\"og:image:height\" content=\"2560\" \/>\n\t<meta property=\"og:image:type\" content=\"image\/jpeg\" \/>\n<meta name=\"twitter:card\" content=\"summary_large_image\" \/>\n<meta name=\"twitter:label1\" content=\"Estimated reading time\" \/>\n\t<meta name=\"twitter:data1\" content=\"7 minutes\" \/>\n<script type=\"application\/ld+json\" class=\"yoast-schema-graph\">{\"@context\":\"https:\\\/\\\/schema.org\",\"@graph\":[{\"@type\":\"WebPage\",\"@id\":\"https:\\\/\\\/emma-bb.ch\\\/bett\\\/\",\"url\":\"https:\\\/\\\/emma-bb.ch\\\/bett\\\/\",\"name\":\"Bett - EMMA Bett und Bistro\",\"isPartOf\":{\"@id\":\"https:\\\/\\\/emma-bb.ch\\\/#website\"},\"datePublished\":\"2017-02-16T08:16:27+00:00\",\"dateModified\":\"2025-11-03T16:05:55+00:00\",\"description\":\"Inmitten der winterthurer Altstadt l\u00e4dt EMMA Bett und Bistro zum \u00fcbernachten ein. Ob im wohligen Dachzimmer, dem Gartenzimmer oder dem Standardzimmer.\",\"breadcrumb\":{\"@id\":\"https:\\\/\\\/emma-bb.ch\\\/bett\\\/#breadcrumb\"},\"inLanguage\":\"en-GB\",\"potentialAction\":[{\"@type\":\"ReadAction\",\"target\":[\"https:\\\/\\\/emma-bb.ch\\\/bett\\\/\"]}]},{\"@type\":\"BreadcrumbList\",\"@id\":\"https:\\\/\\\/emma-bb.ch\\\/bett\\\/#breadcrumb\",\"itemListElement\":[{\"@type\":\"ListItem\",\"position\":1,\"name\":\"Startseite\",\"item\":\"https:\\\/\\\/emma-bb.ch\\\/\"},{\"@type\":\"ListItem\",\"position\":2,\"name\":\"Bett\"}]},{\"@type\":\"WebSite\",\"@id\":\"https:\\\/\\\/emma-bb.ch\\\/#website\",\"url\":\"https:\\\/\\\/emma-bb.ch\\\/\",\"name\":\"EMMA Bett und Bistro\",\"description\":\"Im Herzen von Winterthur\",\"publisher\":{\"@id\":\"https:\\\/\\\/emma-bb.ch\\\/#organization\"},\"potentialAction\":[{\"@type\":\"SearchAction\",\"target\":{\"@type\":\"EntryPoint\",\"urlTemplate\":\"https:\\\/\\\/emma-bb.ch\\\/?s={search_term_string}\"},\"query-input\":{\"@type\":\"PropertyValueSpecification\",\"valueRequired\":true,\"valueName\":\"search_term_string\"}}],\"inLanguage\":\"en-GB\"},{\"@type\":\"Organization\",\"@id\":\"https:\\\/\\\/emma-bb.ch\\\/#organization\",\"name\":\"EMMA Bett und Bistro\",\"url\":\"https:\\\/\\\/emma-bb.ch\\\/\",\"logo\":{\"@type\":\"ImageObject\",\"inLanguage\":\"en-GB\",\"@id\":\"https:\\\/\\\/emma-bb.ch\\\/#\\\/schema\\\/logo\\\/image\\\/\",\"url\":\"https:\\\/\\\/emma-bb.ch\\\/wp-content\\\/uploads\\\/2020\\\/05\\\/logo_hoch_blau.svg\",\"contentUrl\":\"https:\\\/\\\/emma-bb.ch\\\/wp-content\\\/uploads\\\/2020\\\/05\\\/logo_hoch_blau.svg\",\"width\":137,\"height\":153,\"caption\":\"EMMA Bett und Bistro\"},\"image\":{\"@id\":\"https:\\\/\\\/emma-bb.ch\\\/#\\\/schema\\\/logo\\\/image\\\/\"},\"sameAs\":[\"https:\\\/\\\/www.facebook.com\\\/EMMA-Bett-und-Bistro-102916064800144\\\/\",\"https:\\\/\\\/www.instagram.com\\\/emma_teilt\\\/\"]}]}<\/script>\n<!-- \/ Yoast SEO plugin. -->","yoast_head_json":{"title":"Bett - EMMA Bett und Bistro","description":"Inmitten der winterthurer Altstadt l\u00e4dt EMMA Bett und Bistro zum \u00fcbernachten ein. Ob im wohligen Dachzimmer, dem Gartenzimmer oder dem Standardzimmer.","robots":{"index":"index","follow":"follow","max-snippet":"max-snippet:-1","max-image-preview":"max-image-preview:large","max-video-preview":"max-video-preview:-1"},"canonical":"https:\/\/emma-bb.ch\/en\/bett\/","og_locale":"en_GB","og_type":"article","og_title":"Bett - EMMA Bett und Bistro","og_description":"Inmitten der winterthurer Altstadt l\u00e4dt EMMA Bett und Bistro zum \u00fcbernachten ein. Ob im wohligen Dachzimmer, dem Gartenzimmer oder dem Standardzimmer.","og_url":"https:\/\/emma-bb.ch\/en\/bett\/","og_site_name":"EMMA Bett und Bistro","article_publisher":"https:\/\/www.facebook.com\/EMMA-Bett-und-Bistro-102916064800144\/","article_modified_time":"2025-11-03T16:05:55+00:00","og_image":[{"width":2560,"height":2560,"url":"https:\/\/i0.wp.com\/emma-bb.ch\/wp-content\/uploads\/2020\/06\/Titelbild-scaled.jpg?fit=2560%2C2560&ssl=1","type":"image\/jpeg"}],"twitter_card":"summary_large_image","twitter_misc":{"Estimated reading time":"7 minutes"},"schema":{"@context":"https:\/\/schema.org","@graph":[{"@type":"WebPage","@id":"https:\/\/emma-bb.ch\/bett\/","url":"https:\/\/emma-bb.ch\/bett\/","name":"Bett - EMMA Bett und Bistro","isPartOf":{"@id":"https:\/\/emma-bb.ch\/#website"},"datePublished":"2017-02-16T08:16:27+00:00","dateModified":"2025-11-03T16:05:55+00:00","description":"Inmitten der winterthurer Altstadt l\u00e4dt EMMA Bett und Bistro zum \u00fcbernachten ein. Ob im wohligen Dachzimmer, dem Gartenzimmer oder dem Standardzimmer.","breadcrumb":{"@id":"https:\/\/emma-bb.ch\/bett\/#breadcrumb"},"inLanguage":"en-GB","potentialAction":[{"@type":"ReadAction","target":["https:\/\/emma-bb.ch\/bett\/"]}]},{"@type":"BreadcrumbList","@id":"https:\/\/emma-bb.ch\/bett\/#breadcrumb","itemListElement":[{"@type":"ListItem","position":1,"name":"Startseite","item":"https:\/\/emma-bb.ch\/"},{"@type":"ListItem","position":2,"name":"Bett"}]},{"@type":"WebSite","@id":"https:\/\/emma-bb.ch\/#website","url":"https:\/\/emma-bb.ch\/","name":"EMMA Bett und Bistro","description":"Im Herzen von Winterthur","publisher":{"@id":"https:\/\/emma-bb.ch\/#organization"},"potentialAction":[{"@type":"SearchAction","target":{"@type":"EntryPoint","urlTemplate":"https:\/\/emma-bb.ch\/?s={search_term_string}"},"query-input":{"@type":"PropertyValueSpecification","valueRequired":true,"valueName":"search_term_string"}}],"inLanguage":"en-GB"},{"@type":"Organization","@id":"https:\/\/emma-bb.ch\/#organization","name":"EMMA Bett und Bistro","url":"https:\/\/emma-bb.ch\/","logo":{"@type":"ImageObject","inLanguage":"en-GB","@id":"https:\/\/emma-bb.ch\/#\/schema\/logo\/image\/","url":"https:\/\/emma-bb.ch\/wp-content\/uploads\/2020\/05\/logo_hoch_blau.svg","contentUrl":"https:\/\/emma-bb.ch\/wp-content\/uploads\/2020\/05\/logo_hoch_blau.svg","width":137,"height":153,"caption":"EMMA Bett und Bistro"},"image":{"@id":"https:\/\/emma-bb.ch\/#\/schema\/logo\/image\/"},"sameAs":["https:\/\/www.facebook.com\/EMMA-Bett-und-Bistro-102916064800144\/","https:\/\/www.instagram.com\/emma_teilt\/"]}]}},"jetpack_sharing_enabled":true,"_links":{"self":[{"href":"https:\/\/emma-bb.ch\/en\/wp-json\/wp\/v2\/pages\/28640","targetHints":{"allow":["GET"]}}],"collection":[{"href":"https:\/\/emma-bb.ch\/en\/wp-json\/wp\/v2\/pages"}],"about":[{"href":"https:\/\/emma-bb.ch\/en\/wp-json\/wp\/v2\/types\/page"}],"author":[{"embeddable":true,"href":"https:\/\/emma-bb.ch\/en\/wp-json\/wp\/v2\/users\/1"}],"replies":[{"embeddable":true,"href":"https:\/\/emma-bb.ch\/en\/wp-json\/wp\/v2\/comments?post=28640"}],"version-history":[{"count":50,"href":"https:\/\/emma-bb.ch\/en\/wp-json\/wp\/v2\/pages\/28640\/revisions"}],"predecessor-version":[{"id":30055,"href":"https:\/\/emma-bb.ch\/en\/wp-json\/wp\/v2\/pages\/28640\/revisions\/30055"}],"wp:attachment":[{"href":"https:\/\/emma-bb.ch\/en\/wp-json\/wp\/v2\/media?parent=28640"}],"curies":[{"name":"wp","href":"https:\/\/api.w.org\/{rel}","templated":true}]}}