{"id":29060,"date":"2020-05-30T18:37:01","date_gmt":"2020-05-30T16:37:01","guid":{"rendered":"https:\/\/emma-bb.ch\/?page_id=29060"},"modified":"2020-06-07T16:54:37","modified_gmt":"2020-06-07T14:54:37","slug":"impressum","status":"publish","type":"page","link":"https:\/\/emma-bb.ch\/en\/impressum\/","title":{"rendered":"Impressum"},"content":{"rendered":"<p>[et_pb_section fb_built=&#8220;1&#8243; _builder_version=&#8220;4.4.7&#8243;][et_pb_row _builder_version=&#8220;4.4.7&#8243;][et_pb_column type=&#8220;4_4&#8243; _builder_version=&#8220;4.4.7&#8243;][et_pb_text _builder_version=&#8220;4.4.7&#8243;]<\/p>\n<h1><strong>Impressum<\/strong><\/h1>\n<p>&nbsp;<\/p>\n<p><strong><\/strong><\/p>\n<p><strong>Kontakt-Adresse<\/strong><\/p>\n<p>EMMA Bett und Bistro<br \/>Oberer Graben 8<br \/>8400 Winterthur<br \/>Schweiz<\/p>\n<p>E-Mail:<br \/>info@emma-bb.ch<\/p>\n<p>&nbsp;<\/p>\n<p><strong>Vertretungsberechtigte Person(en)<\/strong><\/p>\n<p><span>Barbara Koblet<\/span><\/p>\n<p>&nbsp;<\/p>\n<p><strong>Handelsregister-Eintrag<\/strong><\/p>\n<p>Eingetragener Firmenname: EMMA Bett und Bistro<br \/>Handelsregister Nr: CHE-241.951.069<\/p>\n<p>&nbsp;<\/p>\n<p><strong>Mehrwertsteuer-Nummer<\/strong><br \/>CHE-241.951.069-MWST<\/p>\n<p>&nbsp;<\/p>\n<p><strong>Gestaltung und Konzeption:\u00a0<\/strong><a href=\"http:\/\/www.fabianbuser.ch\"><strong>www.fabianbuser.ch<\/strong><\/a><\/p>\n<p>&nbsp;<\/p>\n<p><strong>Haftungsausschluss<\/strong><\/p>\n<p><span>Der Autor \u00fcbernimmt keinerlei Gew\u00e4hr hinsichtlich der inhaltlichen Richtigkeit, Genauigkeit, Aktualit\u00e4t, Zuverl\u00e4ssigkeit und Vollst\u00e4ndigkeit der Informationen.<\/span><\/p>\n<p><span style=\"font-size: 16px;\">Haftungsanspr\u00fcche gegen den Autor wegen Sch\u00e4den materieller oder immaterieller Art, welche aus dem Zugriff oder der Nutzung bzw. Nichtnutzung der ver\u00f6ffentlichten Informationen, durch Missbrauch der Verbindung oder durch technische St\u00f6rungen entstanden sind, werden ausgeschlossen.<\/span><\/p>\n<p>Alle Angebote sind unverbindlich. Der Autor beh\u00e4lt es sich ausdr\u00fccklich vor, Teile der Seiten oder das gesamte Angebot ohne besondere Ank\u00fcndigung zu ver\u00e4ndern, zu erg\u00e4nzen, zu l\u00f6schen oder die Ver\u00f6ffentlichung zeitweise oder endg\u00fcltig einzustellen.<\/p>\n<p>&nbsp;<\/p>\n<p><strong>Haftungsausschluss f\u00fcr Links<\/strong><\/p>\n<p>Verweise und Links auf Webseiten Dritter liegen ausserhalb unseres Verantwortungsbereichs. Es wird jegliche Verantwortung f\u00fcr solche Webseiten abgelehnt. Der Zugriff und die Nutzung solcher Webseiten erfolgen auf eigene Gefahr des jeweiligen Nutzers.<\/p>\n<p>&nbsp;<\/p>\n<p><strong>Urheberrechte<\/strong><\/p>\n<p>Die Urheber- und alle anderen Rechte an Inhalten, Bildern, Fotos oder anderen Dateien auf dieser Website, geh\u00f6ren ausschliesslich <strong>der Firma EMMA Bett und Bistro<\/strong>oder den speziell genannten Rechteinhabern. F\u00fcr die Reproduktion jeglicher Elemente ist die schriftliche Zustimmung des Urheberrechtstr\u00e4gers im Voraus einzuholen.<\/p>\n<p>[\/et_pb_text][\/et_pb_column][\/et_pb_row][\/et_pb_section]<\/p>\n","protected":false},"excerpt":{"rendered":"<p>Impressum &nbsp; Kontakt-Adresse EMMA Bett und BistroOberer Graben 88400 WinterthurSchweiz E-Mail:info@emma-bb.ch &nbsp; Vertretungsberechtigte Person(en) Barbara Koblet &nbsp; Handelsregister-Eintrag Eingetragener Firmenname: EMMA Bett und BistroHandelsregister Nr: CHE-241.951.069 &nbsp; Mehrwertsteuer-NummerCHE-241.951.069-MWST &nbsp; Gestaltung und Konzeption:\u00a0www.fabianbuser.ch &nbsp; Haftungsausschluss Der Autor \u00fcbernimmt keinerlei Gew\u00e4hr hinsichtlich der inhaltlichen Richtigkeit, Genauigkeit, Aktualit\u00e4t, Zuverl\u00e4ssigkeit und Vollst\u00e4ndigkeit der Informationen. Haftungsanspr\u00fcche gegen den Autor wegen [&hellip;]<\/p>\n","protected":false},"author":1,"featured_media":0,"parent":0,"menu_order":0,"comment_status":"closed","ping_status":"closed","template":"","meta":{"_et_pb_use_builder":"on","_et_pb_old_content":"","_et_gb_content_width":"","footnotes":""},"class_list":["post-29060","page","type-page","status-publish","hentry"],"yoast_head":"<!-- This site is optimized with the Yoast SEO plugin v27.3 - https:\/\/yoast.com\/product\/yoast-seo-wordpress\/ -->\n<title>Impressum - EMMA Bett und Bistro<\/title>\n<meta name=\"robots\" content=\"index, follow, max-snippet:-1, max-image-preview:large, max-video-preview:-1\" \/>\n<link rel=\"canonical\" href=\"https:\/\/emma-bb.ch\/en\/impressum\/\" \/>\n<meta property=\"og:locale\" content=\"en_GB\" \/>\n<meta property=\"og:type\" content=\"article\" \/>\n<meta property=\"og:title\" content=\"Impressum - EMMA Bett und Bistro\" \/>\n<meta property=\"og:description\" content=\"Impressum &nbsp; Kontakt-Adresse EMMA Bett und BistroOberer Graben 88400 WinterthurSchweiz E-Mail:info@emma-bb.ch &nbsp; Vertretungsberechtigte Person(en) Barbara Koblet &nbsp; Handelsregister-Eintrag Eingetragener Firmenname: EMMA Bett und BistroHandelsregister Nr: CHE-241.951.069 &nbsp; Mehrwertsteuer-NummerCHE-241.951.069-MWST &nbsp; Gestaltung und Konzeption:\u00a0www.fabianbuser.ch &nbsp; Haftungsausschluss Der Autor \u00fcbernimmt keinerlei Gew\u00e4hr hinsichtlich der inhaltlichen Richtigkeit, Genauigkeit, Aktualit\u00e4t, Zuverl\u00e4ssigkeit und Vollst\u00e4ndigkeit der Informationen. Haftungsanspr\u00fcche gegen den Autor wegen [&hellip;]\" \/>\n<meta property=\"og:url\" content=\"https:\/\/emma-bb.ch\/en\/impressum\/\" \/>\n<meta property=\"og:site_name\" content=\"EMMA Bett und Bistro\" \/>\n<meta property=\"article:publisher\" content=\"https:\/\/www.facebook.com\/EMMA-Bett-und-Bistro-102916064800144\/\" \/>\n<meta property=\"article:modified_time\" content=\"2020-06-07T14:54:37+00:00\" \/>\n<meta property=\"og:image\" content=\"https:\/\/i0.wp.com\/emma-bb.ch\/wp-content\/uploads\/2020\/06\/Titelbild-scaled.jpg?fit=2560%2C2560&ssl=1\" \/>\n\t<meta property=\"og:image:width\" content=\"2560\" \/>\n\t<meta property=\"og:image:height\" content=\"2560\" \/>\n\t<meta property=\"og:image:type\" content=\"image\/jpeg\" \/>\n<meta name=\"twitter:card\" content=\"summary_large_image\" \/>\n<meta name=\"twitter:label1\" content=\"Estimated reading time\" \/>\n\t<meta name=\"twitter:data1\" content=\"1 minute\" \/>\n<script type=\"application\/ld+json\" class=\"yoast-schema-graph\">{\"@context\":\"https:\\\/\\\/schema.org\",\"@graph\":[{\"@type\":\"WebPage\",\"@id\":\"https:\\\/\\\/emma-bb.ch\\\/impressum\\\/\",\"url\":\"https:\\\/\\\/emma-bb.ch\\\/impressum\\\/\",\"name\":\"Impressum - EMMA Bett und Bistro\",\"isPartOf\":{\"@id\":\"https:\\\/\\\/emma-bb.ch\\\/#website\"},\"datePublished\":\"2020-05-30T16:37:01+00:00\",\"dateModified\":\"2020-06-07T14:54:37+00:00\",\"breadcrumb\":{\"@id\":\"https:\\\/\\\/emma-bb.ch\\\/impressum\\\/#breadcrumb\"},\"inLanguage\":\"en-GB\",\"potentialAction\":[{\"@type\":\"ReadAction\",\"target\":[\"https:\\\/\\\/emma-bb.ch\\\/impressum\\\/\"]}]},{\"@type\":\"BreadcrumbList\",\"@id\":\"https:\\\/\\\/emma-bb.ch\\\/impressum\\\/#breadcrumb\",\"itemListElement\":[{\"@type\":\"ListItem\",\"position\":1,\"name\":\"Startseite\",\"item\":\"https:\\\/\\\/emma-bb.ch\\\/\"},{\"@type\":\"ListItem\",\"position\":2,\"name\":\"Impressum\"}]},{\"@type\":\"WebSite\",\"@id\":\"https:\\\/\\\/emma-bb.ch\\\/#website\",\"url\":\"https:\\\/\\\/emma-bb.ch\\\/\",\"name\":\"EMMA Bett und Bistro\",\"description\":\"Im Herzen von Winterthur\",\"publisher\":{\"@id\":\"https:\\\/\\\/emma-bb.ch\\\/#organization\"},\"potentialAction\":[{\"@type\":\"SearchAction\",\"target\":{\"@type\":\"EntryPoint\",\"urlTemplate\":\"https:\\\/\\\/emma-bb.ch\\\/?s={search_term_string}\"},\"query-input\":{\"@type\":\"PropertyValueSpecification\",\"valueRequired\":true,\"valueName\":\"search_term_string\"}}],\"inLanguage\":\"en-GB\"},{\"@type\":\"Organization\",\"@id\":\"https:\\\/\\\/emma-bb.ch\\\/#organization\",\"name\":\"EMMA Bett und Bistro\",\"url\":\"https:\\\/\\\/emma-bb.ch\\\/\",\"logo\":{\"@type\":\"ImageObject\",\"inLanguage\":\"en-GB\",\"@id\":\"https:\\\/\\\/emma-bb.ch\\\/#\\\/schema\\\/logo\\\/image\\\/\",\"url\":\"https:\\\/\\\/emma-bb.ch\\\/wp-content\\\/uploads\\\/2020\\\/05\\\/logo_hoch_blau.svg\",\"contentUrl\":\"https:\\\/\\\/emma-bb.ch\\\/wp-content\\\/uploads\\\/2020\\\/05\\\/logo_hoch_blau.svg\",\"width\":137,\"height\":153,\"caption\":\"EMMA Bett und Bistro\"},\"image\":{\"@id\":\"https:\\\/\\\/emma-bb.ch\\\/#\\\/schema\\\/logo\\\/image\\\/\"},\"sameAs\":[\"https:\\\/\\\/www.facebook.com\\\/EMMA-Bett-und-Bistro-102916064800144\\\/\",\"https:\\\/\\\/www.instagram.com\\\/emma_teilt\\\/\"]}]}<\/script>\n<!-- \/ Yoast SEO plugin. -->","yoast_head_json":{"title":"Impressum - EMMA Bett und Bistro","robots":{"index":"index","follow":"follow","max-snippet":"max-snippet:-1","max-image-preview":"max-image-preview:large","max-video-preview":"max-video-preview:-1"},"canonical":"https:\/\/emma-bb.ch\/en\/impressum\/","og_locale":"en_GB","og_type":"article","og_title":"Impressum - EMMA Bett und Bistro","og_description":"Impressum &nbsp; Kontakt-Adresse EMMA Bett und BistroOberer Graben 88400 WinterthurSchweiz E-Mail:info@emma-bb.ch &nbsp; Vertretungsberechtigte Person(en) Barbara Koblet &nbsp; Handelsregister-Eintrag Eingetragener Firmenname: EMMA Bett und BistroHandelsregister Nr: CHE-241.951.069 &nbsp; Mehrwertsteuer-NummerCHE-241.951.069-MWST &nbsp; Gestaltung und Konzeption:\u00a0www.fabianbuser.ch &nbsp; Haftungsausschluss Der Autor \u00fcbernimmt keinerlei Gew\u00e4hr hinsichtlich der inhaltlichen Richtigkeit, Genauigkeit, Aktualit\u00e4t, Zuverl\u00e4ssigkeit und Vollst\u00e4ndigkeit der Informationen. Haftungsanspr\u00fcche gegen den Autor wegen [&hellip;]","og_url":"https:\/\/emma-bb.ch\/en\/impressum\/","og_site_name":"EMMA Bett und Bistro","article_publisher":"https:\/\/www.facebook.com\/EMMA-Bett-und-Bistro-102916064800144\/","article_modified_time":"2020-06-07T14:54:37+00:00","og_image":[{"width":2560,"height":2560,"url":"https:\/\/i0.wp.com\/emma-bb.ch\/wp-content\/uploads\/2020\/06\/Titelbild-scaled.jpg?fit=2560%2C2560&ssl=1","type":"image\/jpeg"}],"twitter_card":"summary_large_image","twitter_misc":{"Estimated reading time":"1 minute"},"schema":{"@context":"https:\/\/schema.org","@graph":[{"@type":"WebPage","@id":"https:\/\/emma-bb.ch\/impressum\/","url":"https:\/\/emma-bb.ch\/impressum\/","name":"Impressum - EMMA Bett und Bistro","isPartOf":{"@id":"https:\/\/emma-bb.ch\/#website"},"datePublished":"2020-05-30T16:37:01+00:00","dateModified":"2020-06-07T14:54:37+00:00","breadcrumb":{"@id":"https:\/\/emma-bb.ch\/impressum\/#breadcrumb"},"inLanguage":"en-GB","potentialAction":[{"@type":"ReadAction","target":["https:\/\/emma-bb.ch\/impressum\/"]}]},{"@type":"BreadcrumbList","@id":"https:\/\/emma-bb.ch\/impressum\/#breadcrumb","itemListElement":[{"@type":"ListItem","position":1,"name":"Startseite","item":"https:\/\/emma-bb.ch\/"},{"@type":"ListItem","position":2,"name":"Impressum"}]},{"@type":"WebSite","@id":"https:\/\/emma-bb.ch\/#website","url":"https:\/\/emma-bb.ch\/","name":"EMMA Bett und Bistro","description":"Im Herzen von Winterthur","publisher":{"@id":"https:\/\/emma-bb.ch\/#organization"},"potentialAction":[{"@type":"SearchAction","target":{"@type":"EntryPoint","urlTemplate":"https:\/\/emma-bb.ch\/?s={search_term_string}"},"query-input":{"@type":"PropertyValueSpecification","valueRequired":true,"valueName":"search_term_string"}}],"inLanguage":"en-GB"},{"@type":"Organization","@id":"https:\/\/emma-bb.ch\/#organization","name":"EMMA Bett und Bistro","url":"https:\/\/emma-bb.ch\/","logo":{"@type":"ImageObject","inLanguage":"en-GB","@id":"https:\/\/emma-bb.ch\/#\/schema\/logo\/image\/","url":"https:\/\/emma-bb.ch\/wp-content\/uploads\/2020\/05\/logo_hoch_blau.svg","contentUrl":"https:\/\/emma-bb.ch\/wp-content\/uploads\/2020\/05\/logo_hoch_blau.svg","width":137,"height":153,"caption":"EMMA Bett und Bistro"},"image":{"@id":"https:\/\/emma-bb.ch\/#\/schema\/logo\/image\/"},"sameAs":["https:\/\/www.facebook.com\/EMMA-Bett-und-Bistro-102916064800144\/","https:\/\/www.instagram.com\/emma_teilt\/"]}]}},"jetpack_sharing_enabled":true,"_links":{"self":[{"href":"https:\/\/emma-bb.ch\/en\/wp-json\/wp\/v2\/pages\/29060","targetHints":{"allow":["GET"]}}],"collection":[{"href":"https:\/\/emma-bb.ch\/en\/wp-json\/wp\/v2\/pages"}],"about":[{"href":"https:\/\/emma-bb.ch\/en\/wp-json\/wp\/v2\/types\/page"}],"author":[{"embeddable":true,"href":"https:\/\/emma-bb.ch\/en\/wp-json\/wp\/v2\/users\/1"}],"replies":[{"embeddable":true,"href":"https:\/\/emma-bb.ch\/en\/wp-json\/wp\/v2\/comments?post=29060"}],"version-history":[{"count":6,"href":"https:\/\/emma-bb.ch\/en\/wp-json\/wp\/v2\/pages\/29060\/revisions"}],"predecessor-version":[{"id":29381,"href":"https:\/\/emma-bb.ch\/en\/wp-json\/wp\/v2\/pages\/29060\/revisions\/29381"}],"wp:attachment":[{"href":"https:\/\/emma-bb.ch\/en\/wp-json\/wp\/v2\/media?parent=29060"}],"curies":[{"name":"wp","href":"https:\/\/api.w.org\/{rel}","templated":true}]}}