{"id":29593,"date":"2020-11-06T18:33:41","date_gmt":"2020-11-06T17:33:41","guid":{"rendered":"https:\/\/emma-bb.ch\/?page_id=29593"},"modified":"2025-10-15T21:33:50","modified_gmt":"2025-10-15T19:33:50","slug":"gutscheine","status":"publish","type":"page","link":"https:\/\/emma-bb.ch\/en\/gutscheine\/","title":{"rendered":"Vouchers"},"content":{"rendered":"<p>[et_pb_section fb_built=&#8220;1&#8243; fullwidth=&#8220;on&#8220; _builder_version=&#8220;4.16&#8243; global_colors_info=&#8220;{}&#8220;][et_pb_fullwidth_slider admin_label=&#8220;Curseur de d\u00e9filement plein \u00e9cran&#8220; _builder_version=&#8220;4.16&#8243; header_level=&#8220;h6&#8243; header_font=&#8220;Maison Neue &#8211; bookitalic||||||||&#8220; body_font=&#8220;Maison Neue &#8211; bookitalic||||||||&#8220; text_orientation=&#8220;left&#8220; min_height=&#8220;300px&#8220; custom_padding=&#8220;120px||120px|||&#8220; custom_padding_tablet=&#8220;|||&#8220; custom_padding_phone=&#8220;|||&#8220; remove_inner_shadow=&#8220;on&#8220; hide_content_on_mobile=&#8220;off&#8220; hide_cta_on_mobile=&#8220;off&#8220; show_inner_shadow=&#8220;off&#8220; button_letter_spacing_hover=&#8220;0&#8243; global_colors_info=&#8220;{}&#8220; button_text_size__hover_enabled=&#8220;off&#8220; button_one_text_size__hover_enabled=&#8220;off&#8220; button_two_text_size__hover_enabled=&#8220;off&#8220; button_text_color__hover_enabled=&#8220;off&#8220; button_one_text_color__hover_enabled=&#8220;off&#8220; button_two_text_color__hover_enabled=&#8220;off&#8220; button_border_width__hover_enabled=&#8220;off&#8220; button_one_border_width__hover_enabled=&#8220;off&#8220; button_two_border_width__hover_enabled=&#8220;off&#8220; button_border_color__hover_enabled=&#8220;off&#8220; button_one_border_color__hover_enabled=&#8220;off&#8220; button_two_border_color__hover_enabled=&#8220;off&#8220; button_border_radius__hover_enabled=&#8220;off&#8220; button_one_border_radius__hover_enabled=&#8220;off&#8220; button_two_border_radius__hover_enabled=&#8220;off&#8220; button_letter_spacing__hover_enabled=&#8220;on&#8220; button_letter_spacing__hover=&#8220;0&#8243; button_one_letter_spacing__hover_enabled=&#8220;off&#8220; button_two_letter_spacing__hover_enabled=&#8220;off&#8220; button_bg_color__hover_enabled=&#8220;off&#8220; button_one_bg_color__hover_enabled=&#8220;off&#8220; button_two_bg_color__hover_enabled=&#8220;off&#8220;][et_pb_slide heading=&#8220;Gutscheine&#8220; _builder_version=&#8220;4.16&#8243; button_text_color_hover=&#8220;#666666&#8243; button_bg_color_hover=&#8220;#ffffff&#8220; global_colors_info=&#8220;{}&#8220; button_one_text_size__hover_enabled=&#8220;off&#8220; button_two_text_size__hover_enabled=&#8220;off&#8220; button_one_text_color__hover_enabled=&#8220;off&#8220; button_two_text_color__hover_enabled=&#8220;off&#8220; button_one_border_width__hover_enabled=&#8220;off&#8220; button_two_border_width__hover_enabled=&#8220;off&#8220; button_one_border_color__hover_enabled=&#8220;off&#8220; button_two_border_color__hover_enabled=&#8220;off&#8220; button_one_border_radius__hover_enabled=&#8220;off&#8220; button_two_border_radius__hover_enabled=&#8220;off&#8220; button_one_letter_spacing__hover_enabled=&#8220;off&#8220; button_two_letter_spacing__hover_enabled=&#8220;off&#8220; button_one_bg_color__hover_enabled=&#8220;off&#8220; button_two_bg_color__hover_enabled=&#8220;off&#8220; sticky_transition=&#8220;on&#8220;]<\/p>\n<p>Sich selbst oder anderen eine Freude machen.<\/p>\n<p>[\/et_pb_slide][\/et_pb_fullwidth_slider][\/et_pb_section][et_pb_section fb_built=&#8220;1&#8243; _builder_version=&#8220;4.16&#8243; custom_padding=&#8220;||5px|||&#8220; global_colors_info=&#8220;{}&#8220;][et_pb_row column_structure=&#8220;1_2,1_2&#8243; _builder_version=&#8220;4.16&#8243; custom_padding=&#8220;0px|||||&#8220; global_colors_info=&#8220;{}&#8220;][et_pb_column type=&#8220;1_2&#8243; _builder_version=&#8220;4.16&#8243; global_colors_info=&#8220;{}&#8220;][et_pb_text _builder_version=&#8220;4.16&#8243; global_colors_info=&#8220;{}&#8220;]<\/p>\n<h2>Unterst\u00fctzen und Freude bereiten<\/h2>\n<p>Bei EMMA gibt es allerlei zu Geniessen und Erleben.<br \/>Dies kann man nun auch weiterschenken. Ob mit einem Konsumationsgutschein f\u00fcr das Bistro oder mit einer \u00dcbernachtung kann jeder seinen Freunden*innen, Verwandten oder Mitarbeitern*innen eine Freude machen.<\/p>\n<p>Vielen Dank f\u00fcr das Vertrauen.<\/p>\n<p><em>Gutscheine k\u00f6nnen entweder gleich im Lokal ausgestellt und abgeholt, oder per unten stehendes Formular bestellt werden.<\/em><\/p>\n<p>[\/et_pb_text][\/et_pb_column][et_pb_column type=&#8220;1_2&#8243; _builder_version=&#8220;4.16&#8243; _module_preset=&#8220;default&#8220; global_colors_info=&#8220;{}&#8220;][et_pb_image src=&#8220;https:\/\/emma-bb.ch\/wp-content\/uploads\/2020\/11\/a4e07a73-c95e-4ccd-904a-6b542187622b.jpg&#8220; alt=&#8220;Kaffee Pass Gutschein&#8220; title_text=&#8220;a4e07a73-c95e-4ccd-904a-6b542187622b&#8220; align=&#8220;right&#8220; _builder_version=&#8220;4.16&#8243; _module_preset=&#8220;default&#8220; max_width=&#8220;60%&#8220; global_colors_info=&#8220;{}&#8220;][\/et_pb_image][\/et_pb_column][\/et_pb_row][\/et_pb_section][et_pb_section fb_built=&#8220;1&#8243; _builder_version=&#8220;4.16&#8243; custom_padding=&#8220;0px|||||&#8220; global_colors_info=&#8220;{}&#8220;][et_pb_row _builder_version=&#8220;4.16&#8243; custom_padding=&#8220;6px|||||&#8220; global_colors_info=&#8220;{}&#8220;][et_pb_column type=&#8220;4_4&#8243; _builder_version=&#8220;4.16&#8243; global_colors_info=&#8220;{}&#8220;][et_pb_contact_form email=&#8220;info@emma-bb.ch, mina.eichmann@gmx.ch&#8220; title=&#8220;Bestellformular&#8220; custom_message=&#8220;Kontaktdaten:||et_pb_line_break_holder||%%vorname%%, %%nachname%%||et_pb_line_break_holder||%%email%%||et_pb_line_break_holder||||et_pb_line_break_holder||Bestellung:||et_pb_line_break_holder||%%gutscheinart%%, Betrag: %%gutscheinbetrag%%||et_pb_line_break_holder||||et_pb_line_break_holder||Bemerkungen \/ Anschrift:||et_pb_line_break_holder||%%bemerkung%%&#8220; success_message=&#8220;Vielen Dank f\u00fcr die Bestellung. Wir werden in den kommenden Tagen die Bestellung inklusive Rechnung zu Ihnen nach Hause schicken. Bis bald, bei EMMA.&#8220; _builder_version=&#8220;4.20.2&#8243; _unique_id=&#8220;bdcd1cc8-58b5-4d68-988f-10c713d140ab&#8220; form_field_background_color=&#8220;#02405e&#8220; form_field_text_color=&#8220;#ffffff&#8220; form_field_focus_text_color=&#8220;#ffffff&#8220; hover_enabled=&#8220;0&#8243; global_colors_info=&#8220;{}&#8220; sticky_enabled=&#8220;0&#8243;][et_pb_contact_field field_id=&#8220;vorname&#8220; field_title=&#8220;Vorname&#8220; _builder_version=&#8220;4.16&#8243; global_colors_info=&#8220;{}&#8220; button_text_size__hover_enabled=&#8220;off&#8220; button_one_text_size__hover_enabled=&#8220;off&#8220; button_two_text_size__hover_enabled=&#8220;off&#8220; button_text_color__hover_enabled=&#8220;off&#8220; button_one_text_color__hover_enabled=&#8220;off&#8220; button_two_text_color__hover_enabled=&#8220;off&#8220; button_border_width__hover_enabled=&#8220;off&#8220; button_one_border_width__hover_enabled=&#8220;off&#8220; button_two_border_width__hover_enabled=&#8220;off&#8220; button_border_color__hover_enabled=&#8220;off&#8220; button_one_border_color__hover_enabled=&#8220;off&#8220; button_two_border_color__hover_enabled=&#8220;off&#8220; button_border_radius__hover_enabled=&#8220;off&#8220; button_one_border_radius__hover_enabled=&#8220;off&#8220; button_two_border_radius__hover_enabled=&#8220;off&#8220; button_letter_spacing__hover_enabled=&#8220;off&#8220; button_one_letter_spacing__hover_enabled=&#8220;off&#8220; button_two_letter_spacing__hover_enabled=&#8220;off&#8220; button_bg_color__hover_enabled=&#8220;off&#8220; button_one_bg_color__hover_enabled=&#8220;off&#8220; button_two_bg_color__hover_enabled=&#8220;off&#8220;][\/et_pb_contact_field][et_pb_contact_field field_id=&#8220;nachname&#8220; field_title=&#8220;Nachname&#8220; _builder_version=&#8220;4.16&#8243; global_colors_info=&#8220;{}&#8220; button_text_size__hover_enabled=&#8220;off&#8220; button_one_text_size__hover_enabled=&#8220;off&#8220; button_two_text_size__hover_enabled=&#8220;off&#8220; button_text_color__hover_enabled=&#8220;off&#8220; button_one_text_color__hover_enabled=&#8220;off&#8220; button_two_text_color__hover_enabled=&#8220;off&#8220; button_border_width__hover_enabled=&#8220;off&#8220; button_one_border_width__hover_enabled=&#8220;off&#8220; button_two_border_width__hover_enabled=&#8220;off&#8220; button_border_color__hover_enabled=&#8220;off&#8220; button_one_border_color__hover_enabled=&#8220;off&#8220; button_two_border_color__hover_enabled=&#8220;off&#8220; button_border_radius__hover_enabled=&#8220;off&#8220; button_one_border_radius__hover_enabled=&#8220;off&#8220; button_two_border_radius__hover_enabled=&#8220;off&#8220; button_letter_spacing__hover_enabled=&#8220;off&#8220; button_one_letter_spacing__hover_enabled=&#8220;off&#8220; button_two_letter_spacing__hover_enabled=&#8220;off&#8220; button_bg_color__hover_enabled=&#8220;off&#8220; button_one_bg_color__hover_enabled=&#8220;off&#8220; button_two_bg_color__hover_enabled=&#8220;off&#8220;][\/et_pb_contact_field][et_pb_contact_field field_id=&#8220;email&#8220; field_title=&#8220;E-Mail-Adresse&#8220; field_type=&#8220;email&#8220; fullwidth_field=&#8220;on&#8220; _builder_version=&#8220;4.16&#8243; global_colors_info=&#8220;{}&#8220; button_text_size__hover_enabled=&#8220;off&#8220; button_one_text_size__hover_enabled=&#8220;off&#8220; button_two_text_size__hover_enabled=&#8220;off&#8220; button_text_color__hover_enabled=&#8220;off&#8220; button_one_text_color__hover_enabled=&#8220;off&#8220; button_two_text_color__hover_enabled=&#8220;off&#8220; button_border_width__hover_enabled=&#8220;off&#8220; button_one_border_width__hover_enabled=&#8220;off&#8220; button_two_border_width__hover_enabled=&#8220;off&#8220; button_border_color__hover_enabled=&#8220;off&#8220; button_one_border_color__hover_enabled=&#8220;off&#8220; button_two_border_color__hover_enabled=&#8220;off&#8220; button_border_radius__hover_enabled=&#8220;off&#8220; button_one_border_radius__hover_enabled=&#8220;off&#8220; button_two_border_radius__hover_enabled=&#8220;off&#8220; button_letter_spacing__hover_enabled=&#8220;off&#8220; button_one_letter_spacing__hover_enabled=&#8220;off&#8220; button_two_letter_spacing__hover_enabled=&#8220;off&#8220; button_bg_color__hover_enabled=&#8220;off&#8220; button_one_bg_color__hover_enabled=&#8220;off&#8220; button_two_bg_color__hover_enabled=&#8220;off&#8220;][\/et_pb_contact_field][et_pb_contact_field field_id=&#8220;gutscheinart&#8220; field_title=&#8220;Gutscheinart w\u00e4hlen&#8220; field_type=&#8220;select&#8220; select_options=&#8220;%91{%22value%22:%22Bistro-Gutschein%22,%22checked%22:0,%22dragID%22:-1},{%22value%22:%22\u00dcbernachtungs-Gutschein%22,%22checked%22:0,%22dragID%22:0}%93&#8243; _builder_version=&#8220;4.20.2&#8243; hover_enabled=&#8220;0&#8243; global_colors_info=&#8220;{}&#8220; sticky_enabled=&#8220;0&#8243;][\/et_pb_contact_field][et_pb_contact_field field_id=&#8220;gutscheinbetrag&#8220; field_title=&#8220;Betrag eingeben&#8220; conditional_logic=&#8220;on&#8220; conditional_logic_rules=&#8220;%91{%22field%22:%22gutscheinart%22,%22condition%22:%22is%22,%22value%22:%22Bistro-Gutschein%22},{%22field%22:%22gutscheinart%22,%22condition%22:%22is%22,%22value%22:%22\u00dcbernachtungs-Gutschein%22}%93&#8243; _builder_version=&#8220;4.16&#8243; global_colors_info=&#8220;{}&#8220;][\/et_pb_contact_field][et_pb_contact_field field_id=&#8220;bemerkung&#8220; field_title=&#8220;Sonstige Bemerkungen (Adresse f\u00fcr Heimlieferung, mehrere Gutscheine, etc)&#8220; field_type=&#8220;text&#8220; fullwidth_field=&#8220;on&#8220; _builder_version=&#8220;4.16&#8243; global_colors_info=&#8220;{}&#8220; button_text_size__hover_enabled=&#8220;off&#8220; button_one_text_size__hover_enabled=&#8220;off&#8220; button_two_text_size__hover_enabled=&#8220;off&#8220; button_text_color__hover_enabled=&#8220;off&#8220; button_one_text_color__hover_enabled=&#8220;off&#8220; button_two_text_color__hover_enabled=&#8220;off&#8220; button_border_width__hover_enabled=&#8220;off&#8220; button_one_border_width__hover_enabled=&#8220;off&#8220; button_two_border_width__hover_enabled=&#8220;off&#8220; button_border_color__hover_enabled=&#8220;off&#8220; button_one_border_color__hover_enabled=&#8220;off&#8220; button_two_border_color__hover_enabled=&#8220;off&#8220; button_border_radius__hover_enabled=&#8220;off&#8220; button_one_border_radius__hover_enabled=&#8220;off&#8220; button_two_border_radius__hover_enabled=&#8220;off&#8220; button_letter_spacing__hover_enabled=&#8220;off&#8220; button_one_letter_spacing__hover_enabled=&#8220;off&#8220; button_two_letter_spacing__hover_enabled=&#8220;off&#8220; button_bg_color__hover_enabled=&#8220;off&#8220; button_one_bg_color__hover_enabled=&#8220;off&#8220; button_two_bg_color__hover_enabled=&#8220;off&#8220;][\/et_pb_contact_field][\/et_pb_contact_form][\/et_pb_column][\/et_pb_row][\/et_pb_section]<\/p>\n","protected":false},"excerpt":{"rendered":"<p>Sich selbst oder anderen eine Freude machen.Unterst\u00fctzen und Freude bereiten Bei EMMA gibt es allerlei zu Geniessen und Erleben.Dies kann man nun auch weiterschenken. Ob mit einem Konsumationsgutschein f\u00fcr das Bistro oder mit einer \u00dcbernachtung kann jeder seinen Freunden*innen, Verwandten oder Mitarbeitern*innen eine Freude machen. Vielen Dank f\u00fcr das Vertrauen. Gutscheine k\u00f6nnen entweder gleich im [&hellip;]<\/p>\n","protected":false},"author":1,"featured_media":0,"parent":0,"menu_order":0,"comment_status":"closed","ping_status":"closed","template":"","meta":{"_et_pb_use_builder":"on","_et_pb_old_content":"","_et_gb_content_width":"","footnotes":""},"class_list":["post-29593","page","type-page","status-publish","hentry"],"yoast_head":"<!-- This site is optimized with the Yoast SEO plugin v27.3 - https:\/\/yoast.com\/product\/yoast-seo-wordpress\/ -->\n<title>Gutscheine - EMMA Bett und Bistro<\/title>\n<meta name=\"description\" content=\"Bei EMMA gibt es allerlei zu Geniessen und Erleben. Dies kann man nun auch weiterschenken.\" \/>\n<meta name=\"robots\" content=\"index, follow, max-snippet:-1, max-image-preview:large, max-video-preview:-1\" \/>\n<link rel=\"canonical\" href=\"https:\/\/emma-bb.ch\/en\/gutscheine\/\" \/>\n<meta property=\"og:locale\" content=\"en_GB\" \/>\n<meta property=\"og:type\" content=\"article\" \/>\n<meta property=\"og:title\" content=\"Gutscheine - EMMA Bett und Bistro\" \/>\n<meta property=\"og:description\" content=\"Si\" \/>\n<meta property=\"og:url\" content=\"https:\/\/emma-bb.ch\/en\/gutscheine\/\" \/>\n<meta property=\"og:site_name\" content=\"EMMA Bett und Bistro\" \/>\n<meta property=\"article:publisher\" content=\"https:\/\/www.facebook.com\/EMMA-Bett-und-Bistro-102916064800144\/\" \/>\n<meta property=\"article:modified_time\" content=\"2025-10-15T19:33:50+00:00\" \/>\n<meta property=\"og:image\" content=\"https:\/\/i0.wp.com\/emma-bb.ch\/wp-content\/uploads\/2020\/06\/Titelbild-scaled.jpg?fit=2560%2C2560&ssl=1\" \/>\n\t<meta property=\"og:image:width\" content=\"2560\" \/>\n\t<meta property=\"og:image:height\" content=\"2560\" \/>\n\t<meta property=\"og:image:type\" content=\"image\/jpeg\" \/>\n<meta name=\"twitter:card\" content=\"summary_large_image\" \/>\n<meta name=\"twitter:label1\" content=\"Estimated reading time\" \/>\n\t<meta name=\"twitter:data1\" content=\"7 minutes\" \/>\n<script type=\"application\/ld+json\" class=\"yoast-schema-graph\">{\"@context\":\"https:\\\/\\\/schema.org\",\"@graph\":[{\"@type\":\"WebPage\",\"@id\":\"https:\\\/\\\/emma-bb.ch\\\/gutscheine\\\/\",\"url\":\"https:\\\/\\\/emma-bb.ch\\\/gutscheine\\\/\",\"name\":\"Gutscheine - EMMA Bett und Bistro\",\"isPartOf\":{\"@id\":\"https:\\\/\\\/emma-bb.ch\\\/#website\"},\"datePublished\":\"2020-11-06T17:33:41+00:00\",\"dateModified\":\"2025-10-15T19:33:50+00:00\",\"description\":\"Bei EMMA gibt es allerlei zu Geniessen und Erleben. Dies kann man nun auch weiterschenken.\",\"breadcrumb\":{\"@id\":\"https:\\\/\\\/emma-bb.ch\\\/gutscheine\\\/#breadcrumb\"},\"inLanguage\":\"en-GB\",\"potentialAction\":[{\"@type\":\"ReadAction\",\"target\":[\"https:\\\/\\\/emma-bb.ch\\\/gutscheine\\\/\"]}]},{\"@type\":\"BreadcrumbList\",\"@id\":\"https:\\\/\\\/emma-bb.ch\\\/gutscheine\\\/#breadcrumb\",\"itemListElement\":[{\"@type\":\"ListItem\",\"position\":1,\"name\":\"Startseite\",\"item\":\"https:\\\/\\\/emma-bb.ch\\\/\"},{\"@type\":\"ListItem\",\"position\":2,\"name\":\"Gutscheine\"}]},{\"@type\":\"WebSite\",\"@id\":\"https:\\\/\\\/emma-bb.ch\\\/#website\",\"url\":\"https:\\\/\\\/emma-bb.ch\\\/\",\"name\":\"EMMA Bett und Bistro\",\"description\":\"Im Herzen von Winterthur\",\"publisher\":{\"@id\":\"https:\\\/\\\/emma-bb.ch\\\/#organization\"},\"potentialAction\":[{\"@type\":\"SearchAction\",\"target\":{\"@type\":\"EntryPoint\",\"urlTemplate\":\"https:\\\/\\\/emma-bb.ch\\\/?s={search_term_string}\"},\"query-input\":{\"@type\":\"PropertyValueSpecification\",\"valueRequired\":true,\"valueName\":\"search_term_string\"}}],\"inLanguage\":\"en-GB\"},{\"@type\":\"Organization\",\"@id\":\"https:\\\/\\\/emma-bb.ch\\\/#organization\",\"name\":\"EMMA Bett und Bistro\",\"url\":\"https:\\\/\\\/emma-bb.ch\\\/\",\"logo\":{\"@type\":\"ImageObject\",\"inLanguage\":\"en-GB\",\"@id\":\"https:\\\/\\\/emma-bb.ch\\\/#\\\/schema\\\/logo\\\/image\\\/\",\"url\":\"https:\\\/\\\/emma-bb.ch\\\/wp-content\\\/uploads\\\/2020\\\/05\\\/logo_hoch_blau.svg\",\"contentUrl\":\"https:\\\/\\\/emma-bb.ch\\\/wp-content\\\/uploads\\\/2020\\\/05\\\/logo_hoch_blau.svg\",\"width\":137,\"height\":153,\"caption\":\"EMMA Bett und Bistro\"},\"image\":{\"@id\":\"https:\\\/\\\/emma-bb.ch\\\/#\\\/schema\\\/logo\\\/image\\\/\"},\"sameAs\":[\"https:\\\/\\\/www.facebook.com\\\/EMMA-Bett-und-Bistro-102916064800144\\\/\",\"https:\\\/\\\/www.instagram.com\\\/emma_teilt\\\/\"]}]}<\/script>\n<!-- \/ Yoast SEO plugin. -->","yoast_head_json":{"title":"Gutscheine - EMMA Bett und Bistro","description":"Bei EMMA gibt es allerlei zu Geniessen und Erleben. Dies kann man nun auch weiterschenken.","robots":{"index":"index","follow":"follow","max-snippet":"max-snippet:-1","max-image-preview":"max-image-preview:large","max-video-preview":"max-video-preview:-1"},"canonical":"https:\/\/emma-bb.ch\/en\/gutscheine\/","og_locale":"en_GB","og_type":"article","og_title":"Gutscheine - EMMA Bett und Bistro","og_description":"Si","og_url":"https:\/\/emma-bb.ch\/en\/gutscheine\/","og_site_name":"EMMA Bett und Bistro","article_publisher":"https:\/\/www.facebook.com\/EMMA-Bett-und-Bistro-102916064800144\/","article_modified_time":"2025-10-15T19:33:50+00:00","og_image":[{"width":2560,"height":2560,"url":"https:\/\/i0.wp.com\/emma-bb.ch\/wp-content\/uploads\/2020\/06\/Titelbild-scaled.jpg?fit=2560%2C2560&ssl=1","type":"image\/jpeg"}],"twitter_card":"summary_large_image","twitter_misc":{"Estimated reading time":"7 minutes"},"schema":{"@context":"https:\/\/schema.org","@graph":[{"@type":"WebPage","@id":"https:\/\/emma-bb.ch\/gutscheine\/","url":"https:\/\/emma-bb.ch\/gutscheine\/","name":"Gutscheine - EMMA Bett und Bistro","isPartOf":{"@id":"https:\/\/emma-bb.ch\/#website"},"datePublished":"2020-11-06T17:33:41+00:00","dateModified":"2025-10-15T19:33:50+00:00","description":"Bei EMMA gibt es allerlei zu Geniessen und Erleben. Dies kann man nun auch weiterschenken.","breadcrumb":{"@id":"https:\/\/emma-bb.ch\/gutscheine\/#breadcrumb"},"inLanguage":"en-GB","potentialAction":[{"@type":"ReadAction","target":["https:\/\/emma-bb.ch\/gutscheine\/"]}]},{"@type":"BreadcrumbList","@id":"https:\/\/emma-bb.ch\/gutscheine\/#breadcrumb","itemListElement":[{"@type":"ListItem","position":1,"name":"Startseite","item":"https:\/\/emma-bb.ch\/"},{"@type":"ListItem","position":2,"name":"Gutscheine"}]},{"@type":"WebSite","@id":"https:\/\/emma-bb.ch\/#website","url":"https:\/\/emma-bb.ch\/","name":"EMMA Bett und Bistro","description":"Im Herzen von Winterthur","publisher":{"@id":"https:\/\/emma-bb.ch\/#organization"},"potentialAction":[{"@type":"SearchAction","target":{"@type":"EntryPoint","urlTemplate":"https:\/\/emma-bb.ch\/?s={search_term_string}"},"query-input":{"@type":"PropertyValueSpecification","valueRequired":true,"valueName":"search_term_string"}}],"inLanguage":"en-GB"},{"@type":"Organization","@id":"https:\/\/emma-bb.ch\/#organization","name":"EMMA Bett und Bistro","url":"https:\/\/emma-bb.ch\/","logo":{"@type":"ImageObject","inLanguage":"en-GB","@id":"https:\/\/emma-bb.ch\/#\/schema\/logo\/image\/","url":"https:\/\/emma-bb.ch\/wp-content\/uploads\/2020\/05\/logo_hoch_blau.svg","contentUrl":"https:\/\/emma-bb.ch\/wp-content\/uploads\/2020\/05\/logo_hoch_blau.svg","width":137,"height":153,"caption":"EMMA Bett und Bistro"},"image":{"@id":"https:\/\/emma-bb.ch\/#\/schema\/logo\/image\/"},"sameAs":["https:\/\/www.facebook.com\/EMMA-Bett-und-Bistro-102916064800144\/","https:\/\/www.instagram.com\/emma_teilt\/"]}]}},"jetpack_sharing_enabled":true,"_links":{"self":[{"href":"https:\/\/emma-bb.ch\/en\/wp-json\/wp\/v2\/pages\/29593","targetHints":{"allow":["GET"]}}],"collection":[{"href":"https:\/\/emma-bb.ch\/en\/wp-json\/wp\/v2\/pages"}],"about":[{"href":"https:\/\/emma-bb.ch\/en\/wp-json\/wp\/v2\/types\/page"}],"author":[{"embeddable":true,"href":"https:\/\/emma-bb.ch\/en\/wp-json\/wp\/v2\/users\/1"}],"replies":[{"embeddable":true,"href":"https:\/\/emma-bb.ch\/en\/wp-json\/wp\/v2\/comments?post=29593"}],"version-history":[{"count":25,"href":"https:\/\/emma-bb.ch\/en\/wp-json\/wp\/v2\/pages\/29593\/revisions"}],"predecessor-version":[{"id":30020,"href":"https:\/\/emma-bb.ch\/en\/wp-json\/wp\/v2\/pages\/29593\/revisions\/30020"}],"wp:attachment":[{"href":"https:\/\/emma-bb.ch\/en\/wp-json\/wp\/v2\/media?parent=29593"}],"curies":[{"name":"wp","href":"https:\/\/api.w.org\/{rel}","templated":true}]}}