{"id":45,"date":"2017-02-16T09:17:12","date_gmt":"2017-02-16T08:17:12","guid":{"rendered":"http:\/\/mxajfmgl.preview.infomaniak.website\/?page_id=45"},"modified":"2020-07-02T19:40:50","modified_gmt":"2020-07-02T17:40:50","slug":"kontakt","status":"publish","type":"page","link":"https:\/\/emma-bb.ch\/en\/kontakt\/","title":{"rendered":"Contact"},"content":{"rendered":"<p>[et_pb_section fb_built=&#8220;1&#8243; fullwidth=&#8220;on&#8220; _builder_version=&#8220;4.4.7&#8243;][et_pb_fullwidth_slider admin_label=&#8220;Curseur de d\u00e9filement plein \u00e9cran&#8220; _builder_version=&#8220;4.4.7&#8243; min_height=&#8220;330px&#8220; custom_padding=&#8220;120px||120px|||&#8220; custom_padding_tablet=&#8220;|||&#8220; custom_padding_phone=&#8220;|||&#8220; remove_inner_shadow=&#8220;on&#8220; hide_content_on_mobile=&#8220;off&#8220; hide_cta_on_mobile=&#8220;off&#8220; show_inner_shadow=&#8220;off&#8220; button_letter_spacing_hover=&#8220;0&#8243; button_text_size__hover_enabled=&#8220;off&#8220; button_one_text_size__hover_enabled=&#8220;off&#8220; button_two_text_size__hover_enabled=&#8220;off&#8220; button_text_color__hover_enabled=&#8220;off&#8220; button_one_text_color__hover_enabled=&#8220;off&#8220; button_two_text_color__hover_enabled=&#8220;off&#8220; button_border_width__hover_enabled=&#8220;off&#8220; button_one_border_width__hover_enabled=&#8220;off&#8220; button_two_border_width__hover_enabled=&#8220;off&#8220; button_border_color__hover_enabled=&#8220;off&#8220; button_one_border_color__hover_enabled=&#8220;off&#8220; button_two_border_color__hover_enabled=&#8220;off&#8220; button_border_radius__hover_enabled=&#8220;off&#8220; button_one_border_radius__hover_enabled=&#8220;off&#8220; button_two_border_radius__hover_enabled=&#8220;off&#8220; button_letter_spacing__hover_enabled=&#8220;on&#8220; button_letter_spacing__hover=&#8220;0&#8243; button_one_letter_spacing__hover_enabled=&#8220;off&#8220; button_two_letter_spacing__hover_enabled=&#8220;off&#8220; button_bg_color__hover_enabled=&#8220;off&#8220; button_one_bg_color__hover_enabled=&#8220;off&#8220; button_two_bg_color__hover_enabled=&#8220;off&#8220;][et_pb_slide heading=&#8220;Kontakt&#8220; _builder_version=&#8220;4.4.7&#8243; body_font=&#8220;Maison Neue &#8211; bookitalic||||||||&#8220; text_orientation=&#8220;left&#8220; header_font_size_last_edited=&#8220;off|desktop&#8220; button_text_size_tablet=&#8220;16&#8243; button_text_size_phone=&#8220;16&#8243; button_text_color_hover=&#8220;#666666&#8243; button_bg_color_hover=&#8220;#ffffff&#8220; button_text_size__hover_enabled=&#8220;off&#8220; button_one_text_size__hover_enabled=&#8220;off&#8220; button_two_text_size__hover_enabled=&#8220;off&#8220; button_text_color__hover_enabled=&#8220;on&#8220; button_text_color__hover=&#8220;#666666&#8243; button_one_text_color__hover_enabled=&#8220;off&#8220; button_two_text_color__hover_enabled=&#8220;off&#8220; button_border_width__hover_enabled=&#8220;off&#8220; button_one_border_width__hover_enabled=&#8220;off&#8220; button_two_border_width__hover_enabled=&#8220;off&#8220; button_border_color__hover_enabled=&#8220;off&#8220; button_one_border_color__hover_enabled=&#8220;off&#8220; button_two_border_color__hover_enabled=&#8220;off&#8220; button_border_radius__hover_enabled=&#8220;off&#8220; button_one_border_radius__hover_enabled=&#8220;off&#8220; button_two_border_radius__hover_enabled=&#8220;off&#8220; button_letter_spacing__hover_enabled=&#8220;off&#8220; button_one_letter_spacing__hover_enabled=&#8220;off&#8220; button_two_letter_spacing__hover_enabled=&#8220;off&#8220; button_bg_color__hover_enabled=&#8220;on&#8220; button_bg_color__hover=&#8220;#ffffff&#8220; button_one_bg_color__hover_enabled=&#8220;off&#8220; button_two_bg_color__hover_enabled=&#8220;off&#8220;]<\/p>\n<p>Wo dr\u00fcckt denn der Schuh?<\/p>\n<p>[\/et_pb_slide][\/et_pb_fullwidth_slider][\/et_pb_section][et_pb_section fb_built=&#8220;1&#8243; _builder_version=&#8220;4.4.7&#8243;][et_pb_row _builder_version=&#8220;4.4.7&#8243; custom_padding=&#8220;||5px|||&#8220;][et_pb_column type=&#8220;4_4&#8243; _builder_version=&#8220;4.4.7&#8243;][et_pb_text _builder_version=&#8220;4.4.7&#8243;]<\/p>\n<h2>Standort<\/h2>\n<p>[\/et_pb_text][\/et_pb_column][\/et_pb_row][et_pb_row _builder_version=&#8220;4.4.7&#8243; min_height=&#8220;418px&#8220; custom_padding=&#8220;3px|||||&#8220;][et_pb_column type=&#8220;4_4&#8243; _builder_version=&#8220;4.4.7&#8243;][et_pb_code _builder_version=&#8220;4.4.7&#8243;]<iframe loading=\"lazy\" src=\"https:\/\/www.google.com\/maps\/embed?pb=!1m18!1m12!1m3!1d1347.7747331278997!2d8.73024022007654!3d47.498689545808354!2m3!1f0!2f0!3f0!3m2!1i1024!2i768!4f13.1!3m3!1m2!1s0x479a999cec289ed5%3A0xf2a4a19834de1c1b!2sOberer%20Graben%208%2C%208400%20Winterthur!5e0!3m2!1sde!2sch!4v1590855169429!5m2!1sde!2sch\" width=\"1980\" height=\"400\" frameborder=\"0\" style=\"border:0;\" allowfullscreen=\"\" aria-hidden=\"false\" tabindex=\"0\"><\/iframe>[\/et_pb_code][\/et_pb_column][\/et_pb_row][\/et_pb_section][et_pb_section fb_built=&#8220;1&#8243; _builder_version=&#8220;4.4.7&#8243;][et_pb_row column_structure=&#8220;1_2,1_2&#8243; _builder_version=&#8220;4.4.7&#8243;][et_pb_column type=&#8220;1_2&#8243; _builder_version=&#8220;4.4.7&#8243;][et_pb_text _builder_version=&#8220;4.4.7&#8243;]<\/p>\n<h2>Kontakt<\/h2>\n<p><strong>EMMA Bett und Bistro<br \/> <\/strong>Oberer Graben 8<br \/> CH &#8211; 8400 Winterthur<\/p>\n<p><a href=\"tel:+41525213731\">052 521 37 31<\/a><br \/><a href=\"mailto:info@emma-bb.ch\">info@emma-bb.ch<\/a><\/p>\n<p>[\/et_pb_text][\/et_pb_column][et_pb_column type=&#8220;1_2&#8243; _builder_version=&#8220;4.4.7&#8243;][et_pb_text _builder_version=&#8220;4.4.7&#8243;]<\/p>\n<h2>\u00d6ffnungszeiten<\/h2>\n<p><strong>Montag<br \/> <\/strong>Geschlossen<strong><br \/> Dienstag \/\u00a0Mittwoch<br \/> <\/strong>08.00 &#8211; 17.30 Uhr<strong><br \/> Donnerstag &#8211; Samstag<br \/> <\/strong>08.00 &#8211; 22.00 Uhr<br \/> <strong>Sonntag<\/strong><br \/> 09.00 &#8211; 17.00 Uhr<\/p>\n<p>[\/et_pb_text][\/et_pb_column][\/et_pb_row][\/et_pb_section]<\/p>\n","protected":false},"excerpt":{"rendered":"<p>Wo dr\u00fcckt denn der Schuh?StandortKontakt EMMA Bett und Bistro Oberer Graben 8 CH &#8211; 8400 Winterthur 052 521 37 31info@emma-bb.ch\u00d6ffnungszeiten Montag Geschlossen Dienstag \/\u00a0Mittwoch 08.00 &#8211; 17.30 Uhr Donnerstag &#8211; Samstag 08.00 &#8211; 22.00 Uhr Sonntag 09.00 &#8211; 17.00 Uhr<\/p>","protected":false},"author":1,"featured_media":0,"parent":0,"menu_order":0,"comment_status":"closed","ping_status":"closed","template":"","meta":{"_et_pb_use_builder":"on","_et_pb_old_content":"","_et_gb_content_width":"","footnotes":""},"class_list":["post-45","page","type-page","status-publish","hentry"],"yoast_head":"<!-- This site is optimized with the Yoast SEO plugin v27.3 - https:\/\/yoast.com\/product\/yoast-seo-wordpress\/ -->\n<title>Kontakt - EMMA Bett und Bistro<\/title>\n<meta name=\"description\" content=\"Wo dr\u00fcckt denn der Schuh? - Hier findest du unseren Standort, die Kontaktm\u00f6glichkeiten, sowie unsere \u00d6ffnungszeiten.\" \/>\n<meta name=\"robots\" content=\"index, follow, max-snippet:-1, max-image-preview:large, max-video-preview:-1\" \/>\n<link rel=\"canonical\" href=\"https:\/\/emma-bb.ch\/en\/kontakt\/\" \/>\n<meta property=\"og:locale\" content=\"en_GB\" \/>\n<meta property=\"og:type\" content=\"article\" \/>\n<meta property=\"og:title\" content=\"Kontakt - EMMA Bett und Bistro\" \/>\n<meta property=\"og:description\" content=\"Wo dr\u00fcckt denn der Schuh? - Hier findest du unseren Standort, die Kontaktm\u00f6glichkeiten, sowie unsere \u00d6ffnungszeiten.\" \/>\n<meta property=\"og:url\" content=\"https:\/\/emma-bb.ch\/en\/kontakt\/\" \/>\n<meta property=\"og:site_name\" content=\"EMMA Bett und Bistro\" \/>\n<meta property=\"article:publisher\" content=\"https:\/\/www.facebook.com\/EMMA-Bett-und-Bistro-102916064800144\/\" \/>\n<meta property=\"article:modified_time\" content=\"2020-07-02T17:40:50+00:00\" \/>\n<meta property=\"og:image\" content=\"https:\/\/i0.wp.com\/emma-bb.ch\/wp-content\/uploads\/2020\/06\/Titelbild-scaled.jpg?fit=2560%2C2560&ssl=1\" \/>\n\t<meta property=\"og:image:width\" content=\"2560\" \/>\n\t<meta property=\"og:image:height\" content=\"2560\" \/>\n\t<meta property=\"og:image:type\" content=\"image\/jpeg\" \/>\n<meta name=\"twitter:card\" content=\"summary_large_image\" \/>\n<meta name=\"twitter:label1\" content=\"Estimated reading time\" \/>\n\t<meta name=\"twitter:data1\" content=\"3 minutes\" \/>\n<script type=\"application\/ld+json\" class=\"yoast-schema-graph\">{\"@context\":\"https:\\\/\\\/schema.org\",\"@graph\":[{\"@type\":\"WebPage\",\"@id\":\"https:\\\/\\\/emma-bb.ch\\\/kontakt\\\/\",\"url\":\"https:\\\/\\\/emma-bb.ch\\\/kontakt\\\/\",\"name\":\"Kontakt - EMMA Bett und Bistro\",\"isPartOf\":{\"@id\":\"https:\\\/\\\/emma-bb.ch\\\/#website\"},\"datePublished\":\"2017-02-16T08:17:12+00:00\",\"dateModified\":\"2020-07-02T17:40:50+00:00\",\"description\":\"Wo dr\u00fcckt denn der Schuh? - Hier findest du unseren Standort, die Kontaktm\u00f6glichkeiten, sowie unsere \u00d6ffnungszeiten.\",\"breadcrumb\":{\"@id\":\"https:\\\/\\\/emma-bb.ch\\\/kontakt\\\/#breadcrumb\"},\"inLanguage\":\"en-GB\",\"potentialAction\":[{\"@type\":\"ReadAction\",\"target\":[\"https:\\\/\\\/emma-bb.ch\\\/kontakt\\\/\"]}]},{\"@type\":\"BreadcrumbList\",\"@id\":\"https:\\\/\\\/emma-bb.ch\\\/kontakt\\\/#breadcrumb\",\"itemListElement\":[{\"@type\":\"ListItem\",\"position\":1,\"name\":\"Startseite\",\"item\":\"https:\\\/\\\/emma-bb.ch\\\/\"},{\"@type\":\"ListItem\",\"position\":2,\"name\":\"Kontakt\"}]},{\"@type\":\"WebSite\",\"@id\":\"https:\\\/\\\/emma-bb.ch\\\/#website\",\"url\":\"https:\\\/\\\/emma-bb.ch\\\/\",\"name\":\"EMMA Bett und Bistro\",\"description\":\"Im Herzen von Winterthur\",\"publisher\":{\"@id\":\"https:\\\/\\\/emma-bb.ch\\\/#organization\"},\"potentialAction\":[{\"@type\":\"SearchAction\",\"target\":{\"@type\":\"EntryPoint\",\"urlTemplate\":\"https:\\\/\\\/emma-bb.ch\\\/?s={search_term_string}\"},\"query-input\":{\"@type\":\"PropertyValueSpecification\",\"valueRequired\":true,\"valueName\":\"search_term_string\"}}],\"inLanguage\":\"en-GB\"},{\"@type\":\"Organization\",\"@id\":\"https:\\\/\\\/emma-bb.ch\\\/#organization\",\"name\":\"EMMA Bett und Bistro\",\"url\":\"https:\\\/\\\/emma-bb.ch\\\/\",\"logo\":{\"@type\":\"ImageObject\",\"inLanguage\":\"en-GB\",\"@id\":\"https:\\\/\\\/emma-bb.ch\\\/#\\\/schema\\\/logo\\\/image\\\/\",\"url\":\"https:\\\/\\\/emma-bb.ch\\\/wp-content\\\/uploads\\\/2020\\\/05\\\/logo_hoch_blau.svg\",\"contentUrl\":\"https:\\\/\\\/emma-bb.ch\\\/wp-content\\\/uploads\\\/2020\\\/05\\\/logo_hoch_blau.svg\",\"width\":137,\"height\":153,\"caption\":\"EMMA Bett und Bistro\"},\"image\":{\"@id\":\"https:\\\/\\\/emma-bb.ch\\\/#\\\/schema\\\/logo\\\/image\\\/\"},\"sameAs\":[\"https:\\\/\\\/www.facebook.com\\\/EMMA-Bett-und-Bistro-102916064800144\\\/\",\"https:\\\/\\\/www.instagram.com\\\/emma_teilt\\\/\"]}]}<\/script>\n<!-- \/ Yoast SEO plugin. -->","yoast_head_json":{"title":"Kontakt - EMMA Bett und Bistro","description":"Wo dr\u00fcckt denn der Schuh? - Hier findest du unseren Standort, die Kontaktm\u00f6glichkeiten, sowie unsere \u00d6ffnungszeiten.","robots":{"index":"index","follow":"follow","max-snippet":"max-snippet:-1","max-image-preview":"max-image-preview:large","max-video-preview":"max-video-preview:-1"},"canonical":"https:\/\/emma-bb.ch\/en\/kontakt\/","og_locale":"en_GB","og_type":"article","og_title":"Kontakt - EMMA Bett und Bistro","og_description":"Wo dr\u00fcckt denn der Schuh? - Hier findest du unseren Standort, die Kontaktm\u00f6glichkeiten, sowie unsere \u00d6ffnungszeiten.","og_url":"https:\/\/emma-bb.ch\/en\/kontakt\/","og_site_name":"EMMA Bett und Bistro","article_publisher":"https:\/\/www.facebook.com\/EMMA-Bett-und-Bistro-102916064800144\/","article_modified_time":"2020-07-02T17:40:50+00:00","og_image":[{"width":2560,"height":2560,"url":"https:\/\/i0.wp.com\/emma-bb.ch\/wp-content\/uploads\/2020\/06\/Titelbild-scaled.jpg?fit=2560%2C2560&ssl=1","type":"image\/jpeg"}],"twitter_card":"summary_large_image","twitter_misc":{"Estimated reading time":"3 minutes"},"schema":{"@context":"https:\/\/schema.org","@graph":[{"@type":"WebPage","@id":"https:\/\/emma-bb.ch\/kontakt\/","url":"https:\/\/emma-bb.ch\/kontakt\/","name":"Kontakt - EMMA Bett und Bistro","isPartOf":{"@id":"https:\/\/emma-bb.ch\/#website"},"datePublished":"2017-02-16T08:17:12+00:00","dateModified":"2020-07-02T17:40:50+00:00","description":"Wo dr\u00fcckt denn der Schuh? - Hier findest du unseren Standort, die Kontaktm\u00f6glichkeiten, sowie unsere \u00d6ffnungszeiten.","breadcrumb":{"@id":"https:\/\/emma-bb.ch\/kontakt\/#breadcrumb"},"inLanguage":"en-GB","potentialAction":[{"@type":"ReadAction","target":["https:\/\/emma-bb.ch\/kontakt\/"]}]},{"@type":"BreadcrumbList","@id":"https:\/\/emma-bb.ch\/kontakt\/#breadcrumb","itemListElement":[{"@type":"ListItem","position":1,"name":"Startseite","item":"https:\/\/emma-bb.ch\/"},{"@type":"ListItem","position":2,"name":"Kontakt"}]},{"@type":"WebSite","@id":"https:\/\/emma-bb.ch\/#website","url":"https:\/\/emma-bb.ch\/","name":"EMMA Bett und Bistro","description":"Im Herzen von Winterthur","publisher":{"@id":"https:\/\/emma-bb.ch\/#organization"},"potentialAction":[{"@type":"SearchAction","target":{"@type":"EntryPoint","urlTemplate":"https:\/\/emma-bb.ch\/?s={search_term_string}"},"query-input":{"@type":"PropertyValueSpecification","valueRequired":true,"valueName":"search_term_string"}}],"inLanguage":"en-GB"},{"@type":"Organization","@id":"https:\/\/emma-bb.ch\/#organization","name":"EMMA Bett und Bistro","url":"https:\/\/emma-bb.ch\/","logo":{"@type":"ImageObject","inLanguage":"en-GB","@id":"https:\/\/emma-bb.ch\/#\/schema\/logo\/image\/","url":"https:\/\/emma-bb.ch\/wp-content\/uploads\/2020\/05\/logo_hoch_blau.svg","contentUrl":"https:\/\/emma-bb.ch\/wp-content\/uploads\/2020\/05\/logo_hoch_blau.svg","width":137,"height":153,"caption":"EMMA Bett und Bistro"},"image":{"@id":"https:\/\/emma-bb.ch\/#\/schema\/logo\/image\/"},"sameAs":["https:\/\/www.facebook.com\/EMMA-Bett-und-Bistro-102916064800144\/","https:\/\/www.instagram.com\/emma_teilt\/"]}]}},"jetpack_sharing_enabled":true,"_links":{"self":[{"href":"https:\/\/emma-bb.ch\/en\/wp-json\/wp\/v2\/pages\/45","targetHints":{"allow":["GET"]}}],"collection":[{"href":"https:\/\/emma-bb.ch\/en\/wp-json\/wp\/v2\/pages"}],"about":[{"href":"https:\/\/emma-bb.ch\/en\/wp-json\/wp\/v2\/types\/page"}],"author":[{"embeddable":true,"href":"https:\/\/emma-bb.ch\/en\/wp-json\/wp\/v2\/users\/1"}],"replies":[{"embeddable":true,"href":"https:\/\/emma-bb.ch\/en\/wp-json\/wp\/v2\/comments?post=45"}],"version-history":[{"count":11,"href":"https:\/\/emma-bb.ch\/en\/wp-json\/wp\/v2\/pages\/45\/revisions"}],"predecessor-version":[{"id":29466,"href":"https:\/\/emma-bb.ch\/en\/wp-json\/wp\/v2\/pages\/45\/revisions\/29466"}],"wp:attachment":[{"href":"https:\/\/emma-bb.ch\/en\/wp-json\/wp\/v2\/media?parent=45"}],"curies":[{"name":"wp","href":"https:\/\/api.w.org\/{rel}","templated":true}]}}